{"id":203,"date":"2018-06-13T12:00:48","date_gmt":"2018-06-13T10:00:48","guid":{"rendered":"https:\/\/dogsparadise.es\/home\/"},"modified":"2019-09-19T18:14:48","modified_gmt":"2019-09-19T16:14:48","slug":"home","status":"publish","type":"page","link":"https:\/\/dogsparadise.es\/es\/","title":{"rendered":"Bienvenido al para\u00edso de los perros"},"content":{"rendered":"<p>&#8211; el DOGS PARADISE en Santany\u00ed.<\/p>\n<p>\u00a1Ahora ofrecemos todo para su peque\u00f1o, medio o gran cari\u00f1o!<\/p>\n<p>Con nosotros puedes comprar accesorios para perros directamente en Dogs Paradise en Santany\u00ed y al gusto de tus amigos favoritos de cuatro patas. \u00bfEst\u00e1 buscando productos artesanales locales internacionales y de alta calidad, buena calidad y consejos honestos? Entonces has venido al lugar correcto. Los productos en la tienda solo se pueden comprar en el sitio.<\/p>\n<p>Ofrecemos una amplia gama de accesorios cuidadosamente ensamblados y de alta calidad de fabricantes internacionales, como camas para perros, mantas para perros, tazones para perros, collares para perros y correas para perros. Por supuesto, tambi\u00e9n ofrecemos alimentos y juguetes apropiados para cada especie para el &#8220;mejor amigo&#8221;.<\/p>\n<h2>\u00bfQU\u00c9 ACCESORIOS PARA PERROS DEBE TENER EL DUE\u00d1O DE UN PERRO?<\/h2>\n<p>Para el equipo inicial necesitas, por supuesto, una manta de perro o una cama para perros, por supuesto, un cuenco de agua y un cuenco, un juguete para perros, bolsas de excrementos, tal vez un bolso de paseo y no olvides un collar de perro y un correa! Todo esto lo obtienes de un sitio: disfruta de la navegaci\u00f3n.<\/p>\n<p><img loading=\"lazy\" class=\"alignnone size-large wp-image-94\" src=\"https:\/\/i0.wp.com\/dogsparadise.es\/wp-content\/uploads\/2018\/06\/Header_Hintergrund-1.jpg?resize=660%2C154&#038;ssl=1\" alt=\"\" width=\"660\" height=\"154\" srcset=\"https:\/\/i0.wp.com\/dogsparadise.es\/wp-content\/uploads\/2018\/06\/Header_Hintergrund-1.jpg?resize=1024%2C239&amp;ssl=1 1024w, https:\/\/i0.wp.com\/dogsparadise.es\/wp-content\/uploads\/2018\/06\/Header_Hintergrund-1.jpg?resize=300%2C70&amp;ssl=1 300w, https:\/\/i0.wp.com\/dogsparadise.es\/wp-content\/uploads\/2018\/06\/Header_Hintergrund-1.jpg?resize=768%2C179&amp;ssl=1 768w, https:\/\/i0.wp.com\/dogsparadise.es\/wp-content\/uploads\/2018\/06\/Header_Hintergrund-1.jpg?resize=720%2C168&amp;ssl=1 720w, https:\/\/i0.wp.com\/dogsparadise.es\/wp-content\/uploads\/2018\/06\/Header_Hintergrund-1.jpg?w=2000&amp;ssl=1 2000w, https:\/\/i0.wp.com\/dogsparadise.es\/wp-content\/uploads\/2018\/06\/Header_Hintergrund-1.jpg?w=1320&amp;ssl=1 1320w\" sizes=\"(max-width: 660px) 100vw, 660px\" data-recalc-dims=\"1\" \/><\/p>\n","protected":false},"excerpt":{"rendered":"<p>&#8211; el DOGS PARADISE en Santany\u00ed. \u00a1Ahora ofrecemos todo para su peque\u00f1o, medio o gran cari\u00f1o! Con nosotros puedes comprar accesorios para perros directamente en Dogs Paradise en Santany\u00ed y al gusto de tus amigos favoritos de cuatro patas. \u00bfEst\u00e1 buscando productos artesanales locales internacionales y de alta calidad, buena calidad y consejos honestos? Entonces &hellip; <a href=\"https:\/\/dogsparadise.es\/es\/\" class=\"more-link\">Sigue leyendo <span class=\"screen-reader-text\">Bienvenido al para\u00edso de los perros<\/span><\/a><\/p>\n","protected":false},"author":1,"featured_media":0,"parent":0,"menu_order":0,"comment_status":"closed","ping_status":"closed","template":"","meta":{"spay_email":""},"yoast_head":"<!-- This site is optimized with the Yoast SEO plugin v17.2 - https:\/\/yoast.com\/wordpress\/plugins\/seo\/ -->\n<title>Bienvenido al para\u00edso de los perros - Dogsparadise<\/title>\n<meta name=\"robots\" content=\"index, follow, max-snippet:-1, max-image-preview:large, max-video-preview:-1\" \/>\n<link rel=\"canonical\" href=\"https:\/\/dogsparadise.es\/es\/\" \/>\n<meta property=\"og:locale\" content=\"es_ES\" \/>\n<meta property=\"og:type\" content=\"article\" \/>\n<meta property=\"og:title\" content=\"Bienvenido al para\u00edso de los perros - Dogsparadise\" \/>\n<meta property=\"og:description\" content=\"&#8211; el DOGS PARADISE en Santany\u00ed. \u00a1Ahora ofrecemos todo para su peque\u00f1o, medio o gran cari\u00f1o! Con nosotros puedes comprar accesorios para perros directamente en Dogs Paradise en Santany\u00ed y al gusto de tus amigos favoritos de cuatro patas. \u00bfEst\u00e1 buscando productos artesanales locales internacionales y de alta calidad, buena calidad y consejos honestos? Entonces &hellip; Sigue leyendo Bienvenido al para\u00edso de los perros\" \/>\n<meta property=\"og:url\" content=\"https:\/\/dogsparadise.es\/es\/\" \/>\n<meta property=\"og:site_name\" content=\"Dogsparadise\" \/>\n<meta property=\"article:modified_time\" content=\"2019-09-19T16:14:48+00:00\" \/>\n<meta property=\"og:image\" content=\"https:\/\/dogsparadise.es\/wp-content\/uploads\/2018\/06\/Header_Hintergrund-1-1024x239.jpg\" \/>\n<meta name=\"twitter:card\" content=\"summary_large_image\" \/>\n<meta name=\"twitter:label1\" content=\"Tiempo de lectura\" \/>\n\t<meta name=\"twitter:data1\" content=\"1 minuto\" \/>\n<script type=\"application\/ld+json\" class=\"yoast-schema-graph\">{\"@context\":\"https:\/\/schema.org\",\"@graph\":[{\"@type\":\"WebSite\",\"@id\":\"https:\/\/dogsparadise.es\/#website\",\"url\":\"https:\/\/dogsparadise.es\/\",\"name\":\"Dogsparadise\",\"description\":\"Campos\",\"potentialAction\":[{\"@type\":\"SearchAction\",\"target\":{\"@type\":\"EntryPoint\",\"urlTemplate\":\"https:\/\/dogsparadise.es\/?s={search_term_string}\"},\"query-input\":\"required name=search_term_string\"}],\"inLanguage\":\"es\"},{\"@type\":\"ImageObject\",\"@id\":\"https:\/\/dogsparadise.es\/es\/#primaryimage\",\"inLanguage\":\"es\",\"url\":\"https:\/\/i0.wp.com\/dogsparadise.es\/wp-content\/uploads\/2018\/06\/Header_Hintergrund-1.jpg?fit=2000%2C467&ssl=1\",\"contentUrl\":\"https:\/\/i0.wp.com\/dogsparadise.es\/wp-content\/uploads\/2018\/06\/Header_Hintergrund-1.jpg?fit=2000%2C467&ssl=1\",\"width\":2000,\"height\":467},{\"@type\":\"WebPage\",\"@id\":\"https:\/\/dogsparadise.es\/es\/#webpage\",\"url\":\"https:\/\/dogsparadise.es\/es\/\",\"name\":\"Bienvenido al para\\u00edso de los perros - Dogsparadise\",\"isPartOf\":{\"@id\":\"https:\/\/dogsparadise.es\/#website\"},\"primaryImageOfPage\":{\"@id\":\"https:\/\/dogsparadise.es\/es\/#primaryimage\"},\"datePublished\":\"2018-06-13T10:00:48+00:00\",\"dateModified\":\"2019-09-19T16:14:48+00:00\",\"breadcrumb\":{\"@id\":\"https:\/\/dogsparadise.es\/es\/#breadcrumb\"},\"inLanguage\":\"es\",\"potentialAction\":[{\"@type\":\"ReadAction\",\"target\":[\"https:\/\/dogsparadise.es\/es\/\"]}]},{\"@type\":\"BreadcrumbList\",\"@id\":\"https:\/\/dogsparadise.es\/es\/#breadcrumb\",\"itemListElement\":[{\"@type\":\"ListItem\",\"position\":1,\"name\":\"Startseite\",\"item\":\"https:\/\/dogsparadise.es\/es\/\"},{\"@type\":\"ListItem\",\"position\":2,\"name\":\"Bienvenido al para\\u00edso de los perros\"}]}]}<\/script>\n<!-- \/ Yoast SEO plugin. -->","yoast_head_json":{"title":"Bienvenido al para\u00edso de los perros - Dogsparadise","robots":{"index":"index","follow":"follow","max-snippet":"max-snippet:-1","max-image-preview":"max-image-preview:large","max-video-preview":"max-video-preview:-1"},"canonical":"https:\/\/dogsparadise.es\/es\/","og_locale":"es_ES","og_type":"article","og_title":"Bienvenido al para\u00edso de los perros - Dogsparadise","og_description":"&#8211; el DOGS PARADISE en Santany\u00ed. \u00a1Ahora ofrecemos todo para su peque\u00f1o, medio o gran cari\u00f1o! Con nosotros puedes comprar accesorios para perros directamente en Dogs Paradise en Santany\u00ed y al gusto de tus amigos favoritos de cuatro patas. \u00bfEst\u00e1 buscando productos artesanales locales internacionales y de alta calidad, buena calidad y consejos honestos? Entonces &hellip; Sigue leyendo Bienvenido al para\u00edso de los perros","og_url":"https:\/\/dogsparadise.es\/es\/","og_site_name":"Dogsparadise","article_modified_time":"2019-09-19T16:14:48+00:00","og_image":[{"url":"https:\/\/dogsparadise.es\/wp-content\/uploads\/2018\/06\/Header_Hintergrund-1-1024x239.jpg"}],"twitter_card":"summary_large_image","twitter_misc":{"Tiempo de lectura":"1 minuto"},"schema":{"@context":"https:\/\/schema.org","@graph":[{"@type":"WebSite","@id":"https:\/\/dogsparadise.es\/#website","url":"https:\/\/dogsparadise.es\/","name":"Dogsparadise","description":"Campos","potentialAction":[{"@type":"SearchAction","target":{"@type":"EntryPoint","urlTemplate":"https:\/\/dogsparadise.es\/?s={search_term_string}"},"query-input":"required name=search_term_string"}],"inLanguage":"es"},{"@type":"ImageObject","@id":"https:\/\/dogsparadise.es\/es\/#primaryimage","inLanguage":"es","url":"https:\/\/i0.wp.com\/dogsparadise.es\/wp-content\/uploads\/2018\/06\/Header_Hintergrund-1.jpg?fit=2000%2C467&ssl=1","contentUrl":"https:\/\/i0.wp.com\/dogsparadise.es\/wp-content\/uploads\/2018\/06\/Header_Hintergrund-1.jpg?fit=2000%2C467&ssl=1","width":2000,"height":467},{"@type":"WebPage","@id":"https:\/\/dogsparadise.es\/es\/#webpage","url":"https:\/\/dogsparadise.es\/es\/","name":"Bienvenido al para\u00edso de los perros - Dogsparadise","isPartOf":{"@id":"https:\/\/dogsparadise.es\/#website"},"primaryImageOfPage":{"@id":"https:\/\/dogsparadise.es\/es\/#primaryimage"},"datePublished":"2018-06-13T10:00:48+00:00","dateModified":"2019-09-19T16:14:48+00:00","breadcrumb":{"@id":"https:\/\/dogsparadise.es\/es\/#breadcrumb"},"inLanguage":"es","potentialAction":[{"@type":"ReadAction","target":["https:\/\/dogsparadise.es\/es\/"]}]},{"@type":"BreadcrumbList","@id":"https:\/\/dogsparadise.es\/es\/#breadcrumb","itemListElement":[{"@type":"ListItem","position":1,"name":"Startseite","item":"https:\/\/dogsparadise.es\/es\/"},{"@type":"ListItem","position":2,"name":"Bienvenido al para\u00edso de los perros"}]}]}},"jetpack_sharing_enabled":false,"jetpack_shortlink":"https:\/\/wp.me\/P9ZPD5-3h","jetpack-related-posts":[{"id":207,"url":"https:\/\/dogsparadise.es\/es\/impressum\/","url_meta":{"origin":203,"position":0},"title":"Aviso legal","date":"13. junio 2018","format":false,"excerpt":"responsable del contenido: Dogs Paradise Santanyi Martina W\u00f6rner NIE: X-8455345-Q Calle Bisbe Verger 23b 07650 Santany\u00ed Tel: +34 871 90 48 19 info@dogsparadise.es Concepto y dise\u00f1o gr\u00e1fico: mallorca media\u00a0 Implementaci\u00f3n t\u00e9cnica: mallorca media\u00a0 Todos los nombres, t\u00e9rminos, signos y gr\u00e1ficos utilizados en este documento pueden ser marcas comerciales o marcas\u2026","rel":"","context":"Entrada similar","img":{"alt_text":"","src":"","width":0,"height":0},"classes":[]},{"id":40,"url":"https:\/\/dogsparadise.es\/home\/","url_meta":{"origin":203,"position":1},"title":"Herzlich Willkommen im Hundeparadies","date":"13. junio 2018","format":false,"excerpt":"- dem DOGS PARADISE in Santany\u00ed. Wir bieten Ihnen ab sofort alles rund um Ihren kleinen, mittleren oder gro\u00dfen Liebling an! Bei uns k\u00f6nnen Sie Hundezubeh\u00f6r direkt\u00a0 im Dogs Paradise in Santany\u00ed kaufen und das ganz nach dem Geschmack Ihres Lieblingsvierbeiners.\u00a0 Sie suchen internationale und hochwertige lokale handmade Produkte, gute\u2026","rel":"","context":"Entrada similar","img":{"alt_text":"","src":"","width":0,"height":0},"classes":[]},{"id":3,"url":"https:\/\/dogsparadise.es\/datenschutzerklaerung\/","url_meta":{"origin":203,"position":2},"title":"Datenschutzerkl\u00e4rung","date":"13. junio 2018","format":false,"excerpt":"Wir freuen uns sehr \u00fcber Ihr Interesse an unserem Unternehmen. Datenschutz hat einen besonders hohen Stellenwert f\u00fcr die Gesch\u00e4ftsleitung der Dogs Paradise by Anke Kupferoth. Eine Nutzung der Internetseiten der Dogs Paradise by Anke Kupferoth ist grunds\u00e4tzlich ohne jede Angabe personenbezogener Daten m\u00f6glich. Sofern eine betroffene Person besondere Services unseres\u2026","rel":"","context":"Entrada similar","img":{"alt_text":"","src":"","width":0,"height":0},"classes":[]},{"id":37,"url":"https:\/\/dogsparadise.es\/impressum\/","url_meta":{"origin":203,"position":3},"title":"Impressum","date":"13. junio 2018","format":false,"excerpt":"verantwortlich f\u00fcr den Inhalt: Dogs Paradise Santanyi Martina W\u00f6rner NIE: X- 8455345-Q Calle Bisbe Verger 23b E- 07650 Santany\u00ed Tel: +34 871-904819 info@dogsparadise.es Grafisches Konzept und Design: mallorca media\u00a0 Technische Umsetzung: mallorca media\u00a0 Alle hier verwendeten Namen, Begriffe, Zeichen und Grafiken k\u00f6nnen Marken- oder Warenzeichen im Besitze ihrer rechtlichen Eigent\u00fcmer\u2026","rel":"","context":"Entrada similar","img":{"alt_text":"","src":"","width":0,"height":0},"classes":[]},{"id":42,"url":"https:\/\/dogsparadise.es\/kontakt\/","url_meta":{"origin":203,"position":4},"title":"Nehmen Sie Kontakt mit uns auf","date":"13. junio 2018","format":false,"excerpt":"\u00a0 per Telefon: +34 871 904 819 per Handy: +34 664668457 per Whatsapp: +34 664668457 oder per Email: info(at)dogsparadise.es \u00a0 oder \u00fcber das folgende Kontaktformular: oder kommen Sie ganz einfach bei uns vorbei: Calle Bisbe Verger 23b 07650 Santany\u00ed \u00a0 Unsere \u00d6ffnungszeiten: Mittwoch: 10:00 - 14:00h Donnerstag: 10:00 - 14:00h\u2026","rel":"","context":"Entrada similar","img":{"alt_text":"","src":"","width":0,"height":0},"classes":[]}],"_links":{"self":[{"href":"https:\/\/dogsparadise.es\/es\/wp-json\/wp\/v2\/pages\/203"}],"collection":[{"href":"https:\/\/dogsparadise.es\/es\/wp-json\/wp\/v2\/pages"}],"about":[{"href":"https:\/\/dogsparadise.es\/es\/wp-json\/wp\/v2\/types\/page"}],"author":[{"embeddable":true,"href":"https:\/\/dogsparadise.es\/es\/wp-json\/wp\/v2\/users\/1"}],"replies":[{"embeddable":true,"href":"https:\/\/dogsparadise.es\/es\/wp-json\/wp\/v2\/comments?post=203"}],"version-history":[{"count":5,"href":"https:\/\/dogsparadise.es\/es\/wp-json\/wp\/v2\/pages\/203\/revisions"}],"predecessor-version":[{"id":709,"href":"https:\/\/dogsparadise.es\/es\/wp-json\/wp\/v2\/pages\/203\/revisions\/709"}],"wp:attachment":[{"href":"https:\/\/dogsparadise.es\/es\/wp-json\/wp\/v2\/media?parent=203"}],"curies":[{"name":"wp","href":"https:\/\/api.w.org\/{rel}","templated":true}]}}