{"id":206,"date":"2018-06-13T12:01:08","date_gmt":"2018-06-13T10:01:08","guid":{"rendered":"https:\/\/dogsparadise.es\/kontakt\/"},"modified":"2023-03-06T15:43:29","modified_gmt":"2023-03-06T14:43:29","slug":"kontakt","status":"publish","type":"page","link":"https:\/\/dogsparadise.es\/es\/kontakt\/","title":{"rendered":"P\u00f3ngase en contacto con nosotros"},"content":{"rendered":"<p>por Telef\u00f3no:<\/p>\n<p><a href=\"tel:+34871904819\">+34 871 904 819<\/a><\/p>\n<p>por Mov\u00edl:<\/p>\n<p><a href=\"tel:+34606977103\">+34 664668457<\/a><\/p>\n<p>por Whatsapp:<\/p>\n<p><a href=\"tel:+34606977103\">+34 664668457 <\/a><\/p>\n<p style=\"text-align: left;\">por correo: <a href=\"mailto:info@dogsparadise.es\">info(at)dogsparadise.es<\/a><\/p>\n<p>o mediante el siguiente formulario de contacto:<\/p>\n<div role=\"form\" class=\"wpcf7\" id=\"wpcf7-f243-o1\" lang=\"de-DE\" dir=\"ltr\">\n<div class=\"screen-reader-response\"><p role=\"status\" aria-live=\"polite\" aria-atomic=\"true\"><\/p> <ul><\/ul><\/div>\n<form action=\"\/es\/wp-json\/wp\/v2\/pages\/206#wpcf7-f243-o1\" method=\"post\" class=\"wpcf7-form init\" novalidate=\"novalidate\" data-status=\"init\">\n<div style=\"display: none;\">\n<input type=\"hidden\" name=\"_wpcf7\" value=\"243\" \/>\n<input type=\"hidden\" name=\"_wpcf7_version\" value=\"5.4.2\" \/>\n<input type=\"hidden\" name=\"_wpcf7_locale\" value=\"de_DE\" \/>\n<input type=\"hidden\" name=\"_wpcf7_unit_tag\" value=\"wpcf7-f243-o1\" \/>\n<input type=\"hidden\" name=\"_wpcf7_container_post\" value=\"0\" \/>\n<input type=\"hidden\" name=\"_wpcf7_posted_data_hash\" value=\"\" \/>\n<input type=\"hidden\" name=\"_wpcf7_recaptcha_response\" value=\"\" \/>\n<\/div>\n<p><label> Su nombre (requerido)<br \/>\n    <span class=\"wpcf7-form-control-wrap your-name\"><input type=\"text\" name=\"your-name\" value=\"\" size=\"40\" class=\"wpcf7-form-control wpcf7-text wpcf7-validates-as-required\" aria-required=\"true\" aria-invalid=\"false\" \/><\/span> <\/label><\/p>\n<p><label> Su direcci\u00f3n de correo electr\u00f3nico (requerida)<br \/>\n    <span class=\"wpcf7-form-control-wrap your-email\"><input type=\"email\" name=\"your-email\" value=\"\" size=\"40\" class=\"wpcf7-form-control wpcf7-text wpcf7-email wpcf7-validates-as-required wpcf7-validates-as-email\" aria-required=\"true\" aria-invalid=\"false\" \/><\/span> <\/label><\/p>\n<p><label> Asunto<br \/>\n    <span class=\"wpcf7-form-control-wrap your-subject\"><input type=\"text\" name=\"your-subject\" value=\"\" size=\"40\" class=\"wpcf7-form-control wpcf7-text\" aria-invalid=\"false\" \/><\/span> <\/label><\/p>\n<p><label> Su mensaje<br \/>\n    <span class=\"wpcf7-form-control-wrap your-message\"><textarea name=\"your-message\" cols=\"40\" rows=\"10\" class=\"wpcf7-form-control wpcf7-textarea\" aria-invalid=\"false\"><\/textarea><\/span> <\/label><\/p>\n<p><label> Por favor conteste la siguiente tarea<br \/>\n<span class=\"wpcf7-form-control-wrap quiz-369\"><label><span class=\"wpcf7-quiz-label\">12+48=?<\/span> <input type=\"text\" name=\"quiz-369\" size=\"40\" class=\"wpcf7-form-control wpcf7-quiz\" autocomplete=\"off\" aria-required=\"true\" aria-invalid=\"false\" \/><\/label><input type=\"hidden\" name=\"_wpcf7_quiz_answer_quiz-369\" value=\"4c0366ff80296ed0af42c9df7da9170e\" \/><\/span><\/label><\/p>\n<p><label><br \/>\n<span class=\"wpcf7-form-control-wrap acceptance-726\"><span class=\"wpcf7-form-control wpcf7-acceptance optional\"><span class=\"wpcf7-list-item\"><input type=\"checkbox\" name=\"acceptance-726\" value=\"1\" aria-invalid=\"false\" \/><\/span><\/span><\/span> Acepto la <a href=\"https:\/\/dogsparadise.es\/es\/datenschutzerklaerung\/\"> pol\u00edtica de privacidad <\/a> de Dogs Paradise. <\/label><\/p>\n<p><input type=\"submit\" value=\"Enviar\" class=\"wpcf7-form-control wpcf7-submit\" \/><\/p>\n<div class=\"wpcf7-response-output\" aria-hidden=\"true\"><\/div><\/form><\/div>\n<h2>o simplemente pasa por:<\/h2>\n<p>Calle Bisbe Verger 23b<br \/>\n07650 Santany\u00ed<\/p>\n<h2><iframe loading=\"lazy\" style=\"border: 0;\" src=\"https:\/\/www.google.com\/maps\/embed?pb=!1m18!1m12!1m3!1d3085.1075446814243!2d3.124799715894791!3d39.353801127515894!2m3!1f0!2f0!3f0!3m2!1i1024!2i768!4f13.1!3m3!1m2!1s0x1296549ad8fef605%3A0x9cbe2d356227ccde!2sCarrer+del+Bisbe+Verger%2C+23%2C+07650+Santany%C3%AD%2C+Illes+Balears!5e0!3m2!1sde!2ses!4v1554111629458!5m2!1sde!2ses\" width=\"95%\" height=\"450\" frameborder=\"0\" allowfullscreen=\"allowfullscreen\"><\/iframe><\/h2>\n<h2>Nuestros horarios:<\/h2>\n<p>Mi\u00e9rcoles: 10:00 &#8211; 14:00h<br \/>\nJueves: 10:00 &#8211; 14:00h<br \/>\nViernes: 10:00 &#8211; 14:00h<br \/>\nS\u00e1bado: 10:00 &#8211; 14:00h<\/p>\n<p>Domingo, Lunes y Martes cerrado.<\/p>\n","protected":false},"excerpt":{"rendered":"<p>por Telef\u00f3no: +34 871 904 819 por Mov\u00edl: +34 664668457 por Whatsapp: +34 664668457 por correo: info(at)dogsparadise.es o mediante el siguiente formulario de contacto: o simplemente pasa por: Calle Bisbe Verger 23b 07650 Santany\u00ed Nuestros horarios: Mi\u00e9rcoles: 10:00 &#8211; 14:00h Jueves: 10:00 &#8211; 14:00h Viernes: 10:00 &#8211; 14:00h S\u00e1bado: 10:00 &#8211; 14:00h Domingo, Lunes y &hellip; <a href=\"https:\/\/dogsparadise.es\/es\/kontakt\/\" class=\"more-link\">Sigue leyendo <span class=\"screen-reader-text\">P\u00f3ngase en contacto con nosotros<\/span><\/a><\/p>\n","protected":false},"author":1,"featured_media":0,"parent":0,"menu_order":0,"comment_status":"closed","ping_status":"closed","template":"","meta":{"spay_email":""},"yoast_head":"<!-- This site is optimized with the Yoast SEO plugin v17.2 - https:\/\/yoast.com\/wordpress\/plugins\/seo\/ -->\n<title>P\u00f3ngase en contacto con nosotros - Dogsparadise<\/title>\n<meta name=\"robots\" content=\"index, follow, max-snippet:-1, max-image-preview:large, max-video-preview:-1\" \/>\n<link rel=\"canonical\" href=\"https:\/\/dogsparadise.es\/es\/kontakt\/\" \/>\n<meta property=\"og:locale\" content=\"es_ES\" \/>\n<meta property=\"og:type\" content=\"article\" \/>\n<meta property=\"og:title\" content=\"P\u00f3ngase en contacto con nosotros - Dogsparadise\" \/>\n<meta property=\"og:description\" content=\"por Telef\u00f3no: +34 871 904 819 por Mov\u00edl: +34 664668457 por Whatsapp: +34 664668457 por correo: info(at)dogsparadise.es o mediante el siguiente formulario de contacto: o simplemente pasa por: Calle Bisbe Verger 23b 07650 Santany\u00ed Nuestros horarios: Mi\u00e9rcoles: 10:00 &#8211; 14:00h Jueves: 10:00 &#8211; 14:00h Viernes: 10:00 &#8211; 14:00h S\u00e1bado: 10:00 &#8211; 14:00h Domingo, Lunes y &hellip; Sigue leyendo P\u00f3ngase en contacto con nosotros\" \/>\n<meta property=\"og:url\" content=\"https:\/\/dogsparadise.es\/es\/kontakt\/\" \/>\n<meta property=\"og:site_name\" content=\"Dogsparadise\" \/>\n<meta property=\"article:modified_time\" content=\"2023-03-06T14:43:29+00:00\" \/>\n<meta name=\"twitter:card\" content=\"summary_large_image\" \/>\n<script type=\"application\/ld+json\" class=\"yoast-schema-graph\">{\"@context\":\"https:\/\/schema.org\",\"@graph\":[{\"@type\":\"WebSite\",\"@id\":\"https:\/\/dogsparadise.es\/#website\",\"url\":\"https:\/\/dogsparadise.es\/\",\"name\":\"Dogsparadise\",\"description\":\"Campos\",\"potentialAction\":[{\"@type\":\"SearchAction\",\"target\":{\"@type\":\"EntryPoint\",\"urlTemplate\":\"https:\/\/dogsparadise.es\/?s={search_term_string}\"},\"query-input\":\"required name=search_term_string\"}],\"inLanguage\":\"es\"},{\"@type\":\"WebPage\",\"@id\":\"https:\/\/dogsparadise.es\/es\/kontakt\/#webpage\",\"url\":\"https:\/\/dogsparadise.es\/es\/kontakt\/\",\"name\":\"P\\u00f3ngase en contacto con nosotros - Dogsparadise\",\"isPartOf\":{\"@id\":\"https:\/\/dogsparadise.es\/#website\"},\"datePublished\":\"2018-06-13T10:01:08+00:00\",\"dateModified\":\"2023-03-06T14:43:29+00:00\",\"breadcrumb\":{\"@id\":\"https:\/\/dogsparadise.es\/es\/kontakt\/#breadcrumb\"},\"inLanguage\":\"es\",\"potentialAction\":[{\"@type\":\"ReadAction\",\"target\":[\"https:\/\/dogsparadise.es\/es\/kontakt\/\"]}]},{\"@type\":\"BreadcrumbList\",\"@id\":\"https:\/\/dogsparadise.es\/es\/kontakt\/#breadcrumb\",\"itemListElement\":[{\"@type\":\"ListItem\",\"position\":1,\"name\":\"Startseite\",\"item\":\"https:\/\/dogsparadise.es\/es\/\"},{\"@type\":\"ListItem\",\"position\":2,\"name\":\"P\\u00f3ngase en contacto con nosotros\"}]}]}<\/script>\n<!-- \/ Yoast SEO plugin. -->","yoast_head_json":{"title":"P\u00f3ngase en contacto con nosotros - Dogsparadise","robots":{"index":"index","follow":"follow","max-snippet":"max-snippet:-1","max-image-preview":"max-image-preview:large","max-video-preview":"max-video-preview:-1"},"canonical":"https:\/\/dogsparadise.es\/es\/kontakt\/","og_locale":"es_ES","og_type":"article","og_title":"P\u00f3ngase en contacto con nosotros - Dogsparadise","og_description":"por Telef\u00f3no: +34 871 904 819 por Mov\u00edl: +34 664668457 por Whatsapp: +34 664668457 por correo: info(at)dogsparadise.es o mediante el siguiente formulario de contacto: o simplemente pasa por: Calle Bisbe Verger 23b 07650 Santany\u00ed Nuestros horarios: Mi\u00e9rcoles: 10:00 &#8211; 14:00h Jueves: 10:00 &#8211; 14:00h Viernes: 10:00 &#8211; 14:00h S\u00e1bado: 10:00 &#8211; 14:00h Domingo, Lunes y &hellip; Sigue leyendo P\u00f3ngase en contacto con nosotros","og_url":"https:\/\/dogsparadise.es\/es\/kontakt\/","og_site_name":"Dogsparadise","article_modified_time":"2023-03-06T14:43:29+00:00","twitter_card":"summary_large_image","schema":{"@context":"https:\/\/schema.org","@graph":[{"@type":"WebSite","@id":"https:\/\/dogsparadise.es\/#website","url":"https:\/\/dogsparadise.es\/","name":"Dogsparadise","description":"Campos","potentialAction":[{"@type":"SearchAction","target":{"@type":"EntryPoint","urlTemplate":"https:\/\/dogsparadise.es\/?s={search_term_string}"},"query-input":"required name=search_term_string"}],"inLanguage":"es"},{"@type":"WebPage","@id":"https:\/\/dogsparadise.es\/es\/kontakt\/#webpage","url":"https:\/\/dogsparadise.es\/es\/kontakt\/","name":"P\u00f3ngase en contacto con nosotros - Dogsparadise","isPartOf":{"@id":"https:\/\/dogsparadise.es\/#website"},"datePublished":"2018-06-13T10:01:08+00:00","dateModified":"2023-03-06T14:43:29+00:00","breadcrumb":{"@id":"https:\/\/dogsparadise.es\/es\/kontakt\/#breadcrumb"},"inLanguage":"es","potentialAction":[{"@type":"ReadAction","target":["https:\/\/dogsparadise.es\/es\/kontakt\/"]}]},{"@type":"BreadcrumbList","@id":"https:\/\/dogsparadise.es\/es\/kontakt\/#breadcrumb","itemListElement":[{"@type":"ListItem","position":1,"name":"Startseite","item":"https:\/\/dogsparadise.es\/es\/"},{"@type":"ListItem","position":2,"name":"P\u00f3ngase en contacto con nosotros"}]}]}},"jetpack_sharing_enabled":false,"jetpack_shortlink":"https:\/\/wp.me\/P9ZPD5-3k","jetpack-related-posts":[{"id":207,"url":"https:\/\/dogsparadise.es\/es\/impressum\/","url_meta":{"origin":206,"position":0},"title":"Aviso legal","date":"13. junio 2018","format":false,"excerpt":"responsable del contenido: Dogs Paradise Santanyi Martina W\u00f6rner NIE: X-8455345-Q Calle Bisbe Verger 23b 07650 Santany\u00ed Tel: +34 871 90 48 19 info@dogsparadise.es Concepto y dise\u00f1o gr\u00e1fico: mallorca media\u00a0 Implementaci\u00f3n t\u00e9cnica: mallorca media\u00a0 Todos los nombres, t\u00e9rminos, signos y gr\u00e1ficos utilizados en este documento pueden ser marcas comerciales o marcas\u2026","rel":"","context":"Entrada similar","img":{"alt_text":"","src":"","width":0,"height":0},"classes":[]},{"id":42,"url":"https:\/\/dogsparadise.es\/kontakt\/","url_meta":{"origin":206,"position":1},"title":"Nehmen Sie Kontakt mit uns auf","date":"13. junio 2018","format":false,"excerpt":"\u00a0 per Telefon: +34 871 904 819 per Handy: +34 664668457 per Whatsapp: +34 664668457 oder per Email: info(at)dogsparadise.es \u00a0 oder \u00fcber das folgende Kontaktformular: oder kommen Sie ganz einfach bei uns vorbei: Calle Bisbe Verger 23b 07650 Santany\u00ed \u00a0 Unsere \u00d6ffnungszeiten: Mittwoch: 10:00 - 14:00h Donnerstag: 10:00 - 14:00h\u2026","rel":"","context":"Entrada similar","img":{"alt_text":"","src":"","width":0,"height":0},"classes":[]},{"id":203,"url":"https:\/\/dogsparadise.es\/es\/","url_meta":{"origin":206,"position":2},"title":"Bienvenido al para\u00edso de los perros","date":"13. junio 2018","format":false,"excerpt":"- el DOGS PARADISE en Santany\u00ed. \u00a1Ahora ofrecemos todo para su peque\u00f1o, medio o gran cari\u00f1o! Con nosotros puedes comprar accesorios para perros directamente en Dogs Paradise en Santany\u00ed y al gusto de tus amigos favoritos de cuatro patas. \u00bfEst\u00e1 buscando productos artesanales locales internacionales y de alta calidad, buena\u2026","rel":"","context":"Entrada similar","img":{"alt_text":"","src":"","width":0,"height":0},"classes":[]},{"id":37,"url":"https:\/\/dogsparadise.es\/impressum\/","url_meta":{"origin":206,"position":3},"title":"Impressum","date":"13. junio 2018","format":false,"excerpt":"verantwortlich f\u00fcr den Inhalt: Dogs Paradise Santanyi Martina W\u00f6rner NIE: X- 8455345-Q Calle Bisbe Verger 23b E- 07650 Santany\u00ed Tel: +34 871-904819 info@dogsparadise.es Grafisches Konzept und Design: mallorca media\u00a0 Technische Umsetzung: mallorca media\u00a0 Alle hier verwendeten Namen, Begriffe, Zeichen und Grafiken k\u00f6nnen Marken- oder Warenzeichen im Besitze ihrer rechtlichen Eigent\u00fcmer\u2026","rel":"","context":"Entrada similar","img":{"alt_text":"","src":"","width":0,"height":0},"classes":[]},{"id":3,"url":"https:\/\/dogsparadise.es\/datenschutzerklaerung\/","url_meta":{"origin":206,"position":4},"title":"Datenschutzerkl\u00e4rung","date":"13. junio 2018","format":false,"excerpt":"Wir freuen uns sehr \u00fcber Ihr Interesse an unserem Unternehmen. Datenschutz hat einen besonders hohen Stellenwert f\u00fcr die Gesch\u00e4ftsleitung der Dogs Paradise by Anke Kupferoth. Eine Nutzung der Internetseiten der Dogs Paradise by Anke Kupferoth ist grunds\u00e4tzlich ohne jede Angabe personenbezogener Daten m\u00f6glich. Sofern eine betroffene Person besondere Services unseres\u2026","rel":"","context":"Entrada similar","img":{"alt_text":"","src":"","width":0,"height":0},"classes":[]}],"_links":{"self":[{"href":"https:\/\/dogsparadise.es\/es\/wp-json\/wp\/v2\/pages\/206"}],"collection":[{"href":"https:\/\/dogsparadise.es\/es\/wp-json\/wp\/v2\/pages"}],"about":[{"href":"https:\/\/dogsparadise.es\/es\/wp-json\/wp\/v2\/types\/page"}],"author":[{"embeddable":true,"href":"https:\/\/dogsparadise.es\/es\/wp-json\/wp\/v2\/users\/1"}],"replies":[{"embeddable":true,"href":"https:\/\/dogsparadise.es\/es\/wp-json\/wp\/v2\/comments?post=206"}],"version-history":[{"count":17,"href":"https:\/\/dogsparadise.es\/es\/wp-json\/wp\/v2\/pages\/206\/revisions"}],"predecessor-version":[{"id":729,"href":"https:\/\/dogsparadise.es\/es\/wp-json\/wp\/v2\/pages\/206\/revisions\/729"}],"wp:attachment":[{"href":"https:\/\/dogsparadise.es\/es\/wp-json\/wp\/v2\/media?parent=206"}],"curies":[{"name":"wp","href":"https:\/\/api.w.org\/{rel}","templated":true}]}}