{"id":207,"date":"2018-06-13T11:48:25","date_gmt":"2018-06-13T09:48:25","guid":{"rendered":"https:\/\/dogsparadise.es\/impressum\/"},"modified":"2023-03-06T15:36:23","modified_gmt":"2023-03-06T14:36:23","slug":"impressum","status":"publish","type":"page","link":"https:\/\/dogsparadise.es\/es\/impressum\/","title":{"rendered":"Aviso legal"},"content":{"rendered":"<p>responsable del contenido:<\/p>\n<p>Dogs Paradise Santanyi<\/p>\n<p>Martina W\u00f6rner<\/p>\n<p>NIE: X-8455345-Q<\/p>\n<p>Calle Bisbe Verger 23b<\/p>\n<p>07650 Santany\u00ed<\/p>\n<p>Tel: +34 871 90 48 19<\/p>\n<p>info@dogsparadise.es<\/p>\n<p>Concepto y dise\u00f1o gr\u00e1fico:<br \/>\n<a href=\"https:\/\/mallorca-media.com\">mallorca media\u00a0<\/a><\/p>\n<p>Implementaci\u00f3n t\u00e9cnica:<br \/>\n<a href=\"https:\/\/mallorca-media.com\">mallorca media\u00a0<\/a><\/p>\n<p>Todos los nombres, t\u00e9rminos, signos y gr\u00e1ficos utilizados en este documento pueden ser marcas comerciales o marcas comerciales registradas de sus propietarios legales. Los derechos de todas las marcas y marcas mencionadas y usadas pertenecen exclusivamente a sus propietarios.<\/p>\n<p>&nbsp;<\/p>\n<h1>Exenci\u00f3n de responsabilidad<\/h1>\n<h3>1. Contenido de la oferta web<\/h3>\n<p>El autor no ofrece ninguna garant\u00eda de la actualidad, exactitud, integridad o calidad de la informaci\u00f3n facilitada. Las demandas de responsabilidad contra el autor relacionadas con da\u00f1os de tipo material o intelectual causados por el uso o la falta de uso de la informaci\u00f3n ofrecida, o bien originados por el uso de informaci\u00f3n err\u00f3nea o incompleta quedan generalmente excluidas, siempre que no exista culpa dolosa o negligente grave demostrable por parte del autor.<br \/>\nLas ofertas est\u00e1n libres de compromiso y no son vinculantes. El autor se reserva el derecho de modificar, completar o eliminar la oferta total o parcialmente, o bien de suspender la publicaci\u00f3n de forma temporal o definitiva sin aviso previo.<\/p>\n<h3>2. Referencias y enlaces<\/h3>\n<p>En los casos de contenido ilegal, las referencias directas o indirectas a sitios web ajenos (hiperv\u00ednculos) que se encuentren fuera del \u00e1mbito de responsabilidad del autor solamente entra\u00f1ar\u00edan una obligaci\u00f3n de responsabilidad del mismo en caso de que este hubiera tenido conocimiento del contenido y le hubiera sido posible y razonable t\u00e9cnicamente evitar su uso.<br \/>\nPor la presente, el autor declara expl\u00edcitamente que, en el momento de establecer los enlaces con los sitios, estos no inclu\u00edan contenido ilegal reconocible. El autor no ejerce ninguna influencia sobre la redacci\u00f3n, el contenido ni la autor\u00eda actuales o futuros de las p\u00e1ginas enlazadas. Por ello, se desvincula expl\u00edcitamente de todos los contenidos de las p\u00e1ginas enlazadas que se modifiquen despu\u00e9s de haber establecido los v\u00ednculos. Esta declaraci\u00f3n es v\u00e1lida para todos los enlaces y referencias contenidos en la oferta web propia, as\u00ed como para todos los datos introducidos por terceros en los libros de visitas, foros de discusi\u00f3n, directorios de enlaces, listas de env\u00edo de correo y todas las dem\u00e1s formas de bases de datos facilitadas por el autor, en las cuales existe la posibilidad de que terceras personas escriban contenido. El contenido ilegal, err\u00f3neo o incompleto y, en particular, los da\u00f1os causados por el uso o la falta de uso de informaci\u00f3n de este tipo son responsabilidad exclusiva del operador de la p\u00e1gina a la que se remite y no del que se limita a remitir a estas publicaciones mediante enlaces.<\/p>\n<h3>3. Derechos de autor y de marca<\/h3>\n<p>El autor hace todo lo posible por respetar los derechos de autor de las im\u00e1genes, gr\u00e1ficos, documentos sonoros, secuencias de v\u00eddeo y textos utilizados en todas las publicaciones; utilizar im\u00e1genes, gr\u00e1ficos, documentos sonoros, secuencias de v\u00eddeo y textos creados por \u00e9l mismo; o recurrir a gr\u00e1ficos, documentos sonoros, secuencias de v\u00eddeo y textos libres de licencia.<br \/>\nTodas las marcas y marcas registradas mencionadas (y, en su caso, protegidas por terceros) incluidas en la oferta web est\u00e1n sujetas sin limitaciones a las disposiciones del derecho de marca vigente y a los derechos de posesi\u00f3n del propietario registrado correspondiente. Solo por la mera menci\u00f3n de marcas comerciales, no se debe deducir que estas no est\u00e9n protegidas por los derechos de terceros.<br \/>\nLos derechos de autor de los elementos publicados creados por el autor mismo pertenecen exclusivamente al autor de las p\u00e1ginas. No est\u00e1 permitida la reproducci\u00f3n o utilizaci\u00f3n de dichos gr\u00e1ficos, documentos sonoros, secuencias de v\u00eddeo y textos en otras publicaciones electr\u00f3nicas o impresas sin la autorizaci\u00f3n expresa del autor.<\/p>\n<h3>4. Eficacia jur\u00eddica de esta cl\u00e1usula de exenci\u00f3n de responsabilidad<\/h3>\n<p>Esta cl\u00e1usula de exenci\u00f3n de responsabilidad se debe considerar como parte de la oferta web desde la que se remite a esta p\u00e1gina. En caso de que alguna cl\u00e1usula o partes de este texto no cumplan con la situaci\u00f3n jur\u00eddica vigente, dejen de cumplir con ella o no la cumplan completamente, las dem\u00e1s partes del documento permanecer\u00e1n inalteradas en cuanto a su contenido y validez.<\/p>\n","protected":false},"excerpt":{"rendered":"<p>responsable del contenido: Dogs Paradise Santanyi Martina W\u00f6rner NIE: X-8455345-Q Calle Bisbe Verger 23b 07650 Santany\u00ed Tel: +34 871 90 48 19 info@dogsparadise.es Concepto y dise\u00f1o gr\u00e1fico: mallorca media\u00a0 Implementaci\u00f3n t\u00e9cnica: mallorca media\u00a0 Todos los nombres, t\u00e9rminos, signos y gr\u00e1ficos utilizados en este documento pueden ser marcas comerciales o marcas comerciales registradas de sus propietarios &hellip; <a href=\"https:\/\/dogsparadise.es\/es\/impressum\/\" class=\"more-link\">Sigue leyendo <span class=\"screen-reader-text\">Aviso legal<\/span><\/a><\/p>\n","protected":false},"author":1,"featured_media":0,"parent":0,"menu_order":0,"comment_status":"closed","ping_status":"closed","template":"","meta":{"spay_email":""},"yoast_head":"<!-- This site is optimized with the Yoast SEO plugin v17.2 - https:\/\/yoast.com\/wordpress\/plugins\/seo\/ -->\n<title>Aviso legal - Dogsparadise<\/title>\n<meta name=\"robots\" content=\"index, follow, max-snippet:-1, max-image-preview:large, max-video-preview:-1\" \/>\n<link rel=\"canonical\" href=\"https:\/\/dogsparadise.es\/es\/impressum\/\" \/>\n<meta property=\"og:locale\" content=\"es_ES\" \/>\n<meta property=\"og:type\" content=\"article\" \/>\n<meta property=\"og:title\" content=\"Aviso legal - Dogsparadise\" \/>\n<meta property=\"og:description\" content=\"responsable del contenido: Dogs Paradise Santanyi Martina W\u00f6rner NIE: X-8455345-Q Calle Bisbe Verger 23b 07650 Santany\u00ed Tel: +34 871 90 48 19 info@dogsparadise.es Concepto y dise\u00f1o gr\u00e1fico: mallorca media\u00a0 Implementaci\u00f3n t\u00e9cnica: mallorca media\u00a0 Todos los nombres, t\u00e9rminos, signos y gr\u00e1ficos utilizados en este documento pueden ser marcas comerciales o marcas comerciales registradas de sus propietarios &hellip; Sigue leyendo Aviso legal\" \/>\n<meta property=\"og:url\" content=\"https:\/\/dogsparadise.es\/es\/impressum\/\" \/>\n<meta property=\"og:site_name\" content=\"Dogsparadise\" \/>\n<meta property=\"article:modified_time\" content=\"2023-03-06T14:36:23+00:00\" \/>\n<meta name=\"twitter:card\" content=\"summary_large_image\" \/>\n<meta name=\"twitter:label1\" content=\"Tiempo de lectura\" \/>\n\t<meta name=\"twitter:data1\" content=\"4 minutos\" \/>\n<script type=\"application\/ld+json\" class=\"yoast-schema-graph\">{\"@context\":\"https:\/\/schema.org\",\"@graph\":[{\"@type\":\"WebSite\",\"@id\":\"https:\/\/dogsparadise.es\/#website\",\"url\":\"https:\/\/dogsparadise.es\/\",\"name\":\"Dogsparadise\",\"description\":\"Campos\",\"potentialAction\":[{\"@type\":\"SearchAction\",\"target\":{\"@type\":\"EntryPoint\",\"urlTemplate\":\"https:\/\/dogsparadise.es\/?s={search_term_string}\"},\"query-input\":\"required name=search_term_string\"}],\"inLanguage\":\"es\"},{\"@type\":\"WebPage\",\"@id\":\"https:\/\/dogsparadise.es\/es\/impressum\/#webpage\",\"url\":\"https:\/\/dogsparadise.es\/es\/impressum\/\",\"name\":\"Aviso legal - Dogsparadise\",\"isPartOf\":{\"@id\":\"https:\/\/dogsparadise.es\/#website\"},\"datePublished\":\"2018-06-13T09:48:25+00:00\",\"dateModified\":\"2023-03-06T14:36:23+00:00\",\"breadcrumb\":{\"@id\":\"https:\/\/dogsparadise.es\/es\/impressum\/#breadcrumb\"},\"inLanguage\":\"es\",\"potentialAction\":[{\"@type\":\"ReadAction\",\"target\":[\"https:\/\/dogsparadise.es\/es\/impressum\/\"]}]},{\"@type\":\"BreadcrumbList\",\"@id\":\"https:\/\/dogsparadise.es\/es\/impressum\/#breadcrumb\",\"itemListElement\":[{\"@type\":\"ListItem\",\"position\":1,\"name\":\"Startseite\",\"item\":\"https:\/\/dogsparadise.es\/es\/\"},{\"@type\":\"ListItem\",\"position\":2,\"name\":\"Aviso legal\"}]}]}<\/script>\n<!-- \/ Yoast SEO plugin. -->","yoast_head_json":{"title":"Aviso legal - Dogsparadise","robots":{"index":"index","follow":"follow","max-snippet":"max-snippet:-1","max-image-preview":"max-image-preview:large","max-video-preview":"max-video-preview:-1"},"canonical":"https:\/\/dogsparadise.es\/es\/impressum\/","og_locale":"es_ES","og_type":"article","og_title":"Aviso legal - Dogsparadise","og_description":"responsable del contenido: Dogs Paradise Santanyi Martina W\u00f6rner NIE: X-8455345-Q Calle Bisbe Verger 23b 07650 Santany\u00ed Tel: +34 871 90 48 19 info@dogsparadise.es Concepto y dise\u00f1o gr\u00e1fico: mallorca media\u00a0 Implementaci\u00f3n t\u00e9cnica: mallorca media\u00a0 Todos los nombres, t\u00e9rminos, signos y gr\u00e1ficos utilizados en este documento pueden ser marcas comerciales o marcas comerciales registradas de sus propietarios &hellip; Sigue leyendo Aviso legal","og_url":"https:\/\/dogsparadise.es\/es\/impressum\/","og_site_name":"Dogsparadise","article_modified_time":"2023-03-06T14:36:23+00:00","twitter_card":"summary_large_image","twitter_misc":{"Tiempo de lectura":"4 minutos"},"schema":{"@context":"https:\/\/schema.org","@graph":[{"@type":"WebSite","@id":"https:\/\/dogsparadise.es\/#website","url":"https:\/\/dogsparadise.es\/","name":"Dogsparadise","description":"Campos","potentialAction":[{"@type":"SearchAction","target":{"@type":"EntryPoint","urlTemplate":"https:\/\/dogsparadise.es\/?s={search_term_string}"},"query-input":"required name=search_term_string"}],"inLanguage":"es"},{"@type":"WebPage","@id":"https:\/\/dogsparadise.es\/es\/impressum\/#webpage","url":"https:\/\/dogsparadise.es\/es\/impressum\/","name":"Aviso legal - Dogsparadise","isPartOf":{"@id":"https:\/\/dogsparadise.es\/#website"},"datePublished":"2018-06-13T09:48:25+00:00","dateModified":"2023-03-06T14:36:23+00:00","breadcrumb":{"@id":"https:\/\/dogsparadise.es\/es\/impressum\/#breadcrumb"},"inLanguage":"es","potentialAction":[{"@type":"ReadAction","target":["https:\/\/dogsparadise.es\/es\/impressum\/"]}]},{"@type":"BreadcrumbList","@id":"https:\/\/dogsparadise.es\/es\/impressum\/#breadcrumb","itemListElement":[{"@type":"ListItem","position":1,"name":"Startseite","item":"https:\/\/dogsparadise.es\/es\/"},{"@type":"ListItem","position":2,"name":"Aviso legal"}]}]}},"jetpack_sharing_enabled":true,"jetpack_shortlink":"https:\/\/wp.me\/P9ZPD5-3l","jetpack-related-posts":[{"id":203,"url":"https:\/\/dogsparadise.es\/es\/","url_meta":{"origin":207,"position":0},"title":"Bienvenido al para\u00edso de los perros","date":"13. junio 2018","format":false,"excerpt":"- el DOGS PARADISE en Santany\u00ed. \u00a1Ahora ofrecemos todo para su peque\u00f1o, medio o gran cari\u00f1o! Con nosotros puedes comprar accesorios para perros directamente en Dogs Paradise en Santany\u00ed y al gusto de tus amigos favoritos de cuatro patas. \u00bfEst\u00e1 buscando productos artesanales locales internacionales y de alta calidad, buena\u2026","rel":"","context":"Entrada similar","img":{"alt_text":"","src":"","width":0,"height":0},"classes":[]},{"id":37,"url":"https:\/\/dogsparadise.es\/impressum\/","url_meta":{"origin":207,"position":1},"title":"Impressum","date":"13. junio 2018","format":false,"excerpt":"verantwortlich f\u00fcr den Inhalt: Dogs Paradise Santanyi Martina W\u00f6rner NIE: X- 8455345-Q Calle Bisbe Verger 23b E- 07650 Santany\u00ed Tel: +34 871-904819 info@dogsparadise.es Grafisches Konzept und Design: mallorca media\u00a0 Technische Umsetzung: mallorca media\u00a0 Alle hier verwendeten Namen, Begriffe, Zeichen und Grafiken k\u00f6nnen Marken- oder Warenzeichen im Besitze ihrer rechtlichen Eigent\u00fcmer\u2026","rel":"","context":"Entrada similar","img":{"alt_text":"","src":"","width":0,"height":0},"classes":[]},{"id":42,"url":"https:\/\/dogsparadise.es\/kontakt\/","url_meta":{"origin":207,"position":2},"title":"Nehmen Sie Kontakt mit uns auf","date":"13. junio 2018","format":false,"excerpt":"\u00a0 per Telefon: +34 871 904 819 per Handy: +34 664668457 per Whatsapp: +34 664668457 oder per Email: info(at)dogsparadise.es \u00a0 oder \u00fcber das folgende Kontaktformular: oder kommen Sie ganz einfach bei uns vorbei: Calle Bisbe Verger 23b 07650 Santany\u00ed \u00a0 Unsere \u00d6ffnungszeiten: Mittwoch: 10:00 - 14:00h Donnerstag: 10:00 - 14:00h\u2026","rel":"","context":"Entrada similar","img":{"alt_text":"","src":"","width":0,"height":0},"classes":[]},{"id":3,"url":"https:\/\/dogsparadise.es\/datenschutzerklaerung\/","url_meta":{"origin":207,"position":3},"title":"Datenschutzerkl\u00e4rung","date":"13. junio 2018","format":false,"excerpt":"Wir freuen uns sehr \u00fcber Ihr Interesse an unserem Unternehmen. Datenschutz hat einen besonders hohen Stellenwert f\u00fcr die Gesch\u00e4ftsleitung der Dogs Paradise by Anke Kupferoth. Eine Nutzung der Internetseiten der Dogs Paradise by Anke Kupferoth ist grunds\u00e4tzlich ohne jede Angabe personenbezogener Daten m\u00f6glich. Sofern eine betroffene Person besondere Services unseres\u2026","rel":"","context":"Entrada similar","img":{"alt_text":"","src":"","width":0,"height":0},"classes":[]}],"_links":{"self":[{"href":"https:\/\/dogsparadise.es\/es\/wp-json\/wp\/v2\/pages\/207"}],"collection":[{"href":"https:\/\/dogsparadise.es\/es\/wp-json\/wp\/v2\/pages"}],"about":[{"href":"https:\/\/dogsparadise.es\/es\/wp-json\/wp\/v2\/types\/page"}],"author":[{"embeddable":true,"href":"https:\/\/dogsparadise.es\/es\/wp-json\/wp\/v2\/users\/1"}],"replies":[{"embeddable":true,"href":"https:\/\/dogsparadise.es\/es\/wp-json\/wp\/v2\/comments?post=207"}],"version-history":[{"count":5,"href":"https:\/\/dogsparadise.es\/es\/wp-json\/wp\/v2\/pages\/207\/revisions"}],"predecessor-version":[{"id":726,"href":"https:\/\/dogsparadise.es\/es\/wp-json\/wp\/v2\/pages\/207\/revisions\/726"}],"wp:attachment":[{"href":"https:\/\/dogsparadise.es\/es\/wp-json\/wp\/v2\/media?parent=207"}],"curies":[{"name":"wp","href":"https:\/\/api.w.org\/{rel}","templated":true}]}}